{"id":259,"date":"2021-11-02T15:32:24","date_gmt":"2021-11-02T15:32:24","guid":{"rendered":"https:\/\/wp.apps.webzeile.com\/?page_id=259"},"modified":"2022-02-11T11:01:11","modified_gmt":"2022-02-11T10:01:11","slug":"menu","status":"publish","type":"page","link":"https:\/\/restaurantchezmoi.fr\/index.php\/menu\/","title":{"rendered":"Carte"},"content":{"rendered":"\n<div class=\"wp-block-columns\">\n<div class=\"wp-block-column\"><\/div>\n<\/div>\n\n\n\n<p><\/p>\n\n\n<div class=\"_df_book df-lite\" id=\"df_988\"  data-title=\"carte-chez-moi\" _slug=\"carte-chez-moi\" wpoptions=\"true\" thumbtype=\"bg\" ><p class=\"df-raw-loading\">Please wait while flipbook is loading. For more related info, FAQs and issues please refer to <a href=\"https:\/\/wordpress.org\/plugins\/3d-flipbook-dflip-lite\/#installation\">DearFlip WordPress Flipbook Plugin Help<\/a> documentation.<\/p><\/div><script class=\"df-shortcode-script\" type=\"application\/javascript\">window.option_df_988 = {\"outline\":[],\"backgroundColor\":\"#0F1921\",\"forceFit\":\"true\",\"autoEnableOutline\":\"false\",\"autoEnableThumbnail\":\"false\",\"overwritePDFOutline\":\"false\",\"direction\":\"1\",\"pageSize\":\"0\",\"source\":\"http:\\\/\\\/restaurantchezmoi.fr\\\/wp-content\\\/uploads\\\/2025\\\/09\\\/Panneau-Carte-2025.pdf\",\"wpOptions\":\"true\"}; if(window.DFLIP && window.DFLIP.parseBooks){window.DFLIP.parseBooks();}<\/script>\n","protected":false},"excerpt":{"rendered":"","protected":false},"author":1,"featured_media":0,"parent":0,"menu_order":0,"comment_status":"closed","ping_status":"closed","template":"page-cards.php","meta":[],"yoast_head":"<!-- This site is optimized with the Yoast SEO plugin v18.1 - https:\/\/yoast.com\/wordpress\/plugins\/seo\/ -->\n<title>Carte - Restaurant Chez Moi \u00e0 Saint-Jean-de-Tholome<\/title>\n<meta name=\"description\" content=\"D\u00e9couvrez la carte de votre Restaurant Chez Moi \u00e0 Saint-Jean-de-Tholome. Burgers, Soupes ou encore Dessert du chef, laissez-vous tenter !\" \/>\n<meta name=\"robots\" content=\"index, follow, max-snippet:-1, max-image-preview:large, max-video-preview:-1\" \/>\n<link rel=\"canonical\" href=\"https:\/\/restaurantchezmoi.fr\/index.php\/menu\/\" \/>\n<meta property=\"og:locale\" content=\"en_US\" \/>\n<meta property=\"og:type\" content=\"article\" \/>\n<meta property=\"og:title\" content=\"Carte - Restaurant Chez Moi \u00e0 Saint-Jean-de-Tholome\" \/>\n<meta property=\"og:description\" content=\"D\u00e9couvrez la carte de votre Restaurant Chez Moi \u00e0 Saint-Jean-de-Tholome. Burgers, Soupes ou encore Dessert du chef, laissez-vous tenter !\" \/>\n<meta property=\"og:url\" content=\"https:\/\/restaurantchezmoi.fr\/index.php\/menu\/\" \/>\n<meta property=\"og:site_name\" content=\"Chez Moi\" \/>\n<meta property=\"article:modified_time\" content=\"2022-02-11T10:01:11+00:00\" \/>\n<meta name=\"twitter:card\" content=\"summary_large_image\" \/>\n<meta name=\"twitter:label1\" content=\"Est. reading time\" \/>\n\t<meta name=\"twitter:data1\" content=\"1 minute\" \/>\n<script type=\"application\/ld+json\" class=\"yoast-schema-graph\">{\"@context\":\"https:\/\/schema.org\",\"@graph\":[{\"@type\":\"WebSite\",\"@id\":\"https:\/\/restaurantchezmoi.fr\/#website\",\"url\":\"https:\/\/restaurantchezmoi.fr\/\",\"name\":\"Chez Moi\",\"description\":\"Votre Restaurant \u00e0 Saint-Jean de Tholome\",\"potentialAction\":[{\"@type\":\"SearchAction\",\"target\":{\"@type\":\"EntryPoint\",\"urlTemplate\":\"https:\/\/restaurantchezmoi.fr\/?s={search_term_string}\"},\"query-input\":\"required name=search_term_string\"}],\"inLanguage\":\"en-US\"},{\"@type\":\"WebPage\",\"@id\":\"https:\/\/restaurantchezmoi.fr\/index.php\/menu\/#webpage\",\"url\":\"https:\/\/restaurantchezmoi.fr\/index.php\/menu\/\",\"name\":\"Carte - Restaurant Chez Moi \u00e0 Saint-Jean-de-Tholome\",\"isPartOf\":{\"@id\":\"https:\/\/restaurantchezmoi.fr\/#website\"},\"datePublished\":\"2021-11-02T15:32:24+00:00\",\"dateModified\":\"2022-02-11T10:01:11+00:00\",\"description\":\"D\u00e9couvrez la carte de votre Restaurant Chez Moi \u00e0 Saint-Jean-de-Tholome. Burgers, Soupes ou encore Dessert du chef, laissez-vous tenter !\",\"breadcrumb\":{\"@id\":\"https:\/\/restaurantchezmoi.fr\/index.php\/menu\/#breadcrumb\"},\"inLanguage\":\"en-US\",\"potentialAction\":[{\"@type\":\"ReadAction\",\"target\":[\"https:\/\/restaurantchezmoi.fr\/index.php\/menu\/\"]}]},{\"@type\":\"BreadcrumbList\",\"@id\":\"https:\/\/restaurantchezmoi.fr\/index.php\/menu\/#breadcrumb\",\"itemListElement\":[{\"@type\":\"ListItem\",\"position\":1,\"name\":\"Accueil\",\"item\":\"https:\/\/restaurantchezmoi.fr\/\"},{\"@type\":\"ListItem\",\"position\":2,\"name\":\"Carte\"}]}]}<\/script>\n<!-- \/ Yoast SEO plugin. -->","yoast_head_json":{"title":"Carte - Restaurant Chez Moi \u00e0 Saint-Jean-de-Tholome","description":"D\u00e9couvrez la carte de votre Restaurant Chez Moi \u00e0 Saint-Jean-de-Tholome. Burgers, Soupes ou encore Dessert du chef, laissez-vous tenter !","robots":{"index":"index","follow":"follow","max-snippet":"max-snippet:-1","max-image-preview":"max-image-preview:large","max-video-preview":"max-video-preview:-1"},"canonical":"https:\/\/restaurantchezmoi.fr\/index.php\/menu\/","og_locale":"en_US","og_type":"article","og_title":"Carte - Restaurant Chez Moi \u00e0 Saint-Jean-de-Tholome","og_description":"D\u00e9couvrez la carte de votre Restaurant Chez Moi \u00e0 Saint-Jean-de-Tholome. Burgers, Soupes ou encore Dessert du chef, laissez-vous tenter !","og_url":"https:\/\/restaurantchezmoi.fr\/index.php\/menu\/","og_site_name":"Chez Moi","article_modified_time":"2022-02-11T10:01:11+00:00","twitter_card":"summary_large_image","twitter_misc":{"Est. reading time":"1 minute"},"schema":{"@context":"https:\/\/schema.org","@graph":[{"@type":"WebSite","@id":"https:\/\/restaurantchezmoi.fr\/#website","url":"https:\/\/restaurantchezmoi.fr\/","name":"Chez Moi","description":"Votre Restaurant \u00e0 Saint-Jean de Tholome","potentialAction":[{"@type":"SearchAction","target":{"@type":"EntryPoint","urlTemplate":"https:\/\/restaurantchezmoi.fr\/?s={search_term_string}"},"query-input":"required name=search_term_string"}],"inLanguage":"en-US"},{"@type":"WebPage","@id":"https:\/\/restaurantchezmoi.fr\/index.php\/menu\/#webpage","url":"https:\/\/restaurantchezmoi.fr\/index.php\/menu\/","name":"Carte - Restaurant Chez Moi \u00e0 Saint-Jean-de-Tholome","isPartOf":{"@id":"https:\/\/restaurantchezmoi.fr\/#website"},"datePublished":"2021-11-02T15:32:24+00:00","dateModified":"2022-02-11T10:01:11+00:00","description":"D\u00e9couvrez la carte de votre Restaurant Chez Moi \u00e0 Saint-Jean-de-Tholome. Burgers, Soupes ou encore Dessert du chef, laissez-vous tenter !","breadcrumb":{"@id":"https:\/\/restaurantchezmoi.fr\/index.php\/menu\/#breadcrumb"},"inLanguage":"en-US","potentialAction":[{"@type":"ReadAction","target":["https:\/\/restaurantchezmoi.fr\/index.php\/menu\/"]}]},{"@type":"BreadcrumbList","@id":"https:\/\/restaurantchezmoi.fr\/index.php\/menu\/#breadcrumb","itemListElement":[{"@type":"ListItem","position":1,"name":"Accueil","item":"https:\/\/restaurantchezmoi.fr\/"},{"@type":"ListItem","position":2,"name":"Carte"}]}]}},"_links":{"self":[{"href":"https:\/\/restaurantchezmoi.fr\/index.php\/wp-json\/wp\/v2\/pages\/259"}],"collection":[{"href":"https:\/\/restaurantchezmoi.fr\/index.php\/wp-json\/wp\/v2\/pages"}],"about":[{"href":"https:\/\/restaurantchezmoi.fr\/index.php\/wp-json\/wp\/v2\/types\/page"}],"author":[{"embeddable":true,"href":"https:\/\/restaurantchezmoi.fr\/index.php\/wp-json\/wp\/v2\/users\/1"}],"replies":[{"embeddable":true,"href":"https:\/\/restaurantchezmoi.fr\/index.php\/wp-json\/wp\/v2\/comments?post=259"}],"version-history":[{"count":3,"href":"https:\/\/restaurantchezmoi.fr\/index.php\/wp-json\/wp\/v2\/pages\/259\/revisions"}],"predecessor-version":[{"id":1119,"href":"https:\/\/restaurantchezmoi.fr\/index.php\/wp-json\/wp\/v2\/pages\/259\/revisions\/1119"}],"wp:attachment":[{"href":"https:\/\/restaurantchezmoi.fr\/index.php\/wp-json\/wp\/v2\/media?parent=259"}],"curies":[{"name":"wp","href":"https:\/\/api.w.org\/{rel}","templated":true}]}}